{"id":666,"date":"2023-01-25T21:11:03","date_gmt":"2023-01-25T20:11:03","guid":{"rendered":"https:\/\/rozoformations.fr\/?post_type=product&#038;p=666"},"modified":"2023-09-06T18:57:13","modified_gmt":"2023-09-06T16:57:13","slug":"prise-en-charge-des-lesions-des-ischios-jambiers-en-cabinet","status":"publish","type":"product","link":"https:\/\/rozoformations.fr\/index.php\/produit\/prise-en-charge-des-lesions-des-ischios-jambiers-en-cabinet\/","title":{"rendered":"PRISE EN CHARGE DES LESIONS DES IJ EN CABINET"},"content":{"rendered":"","protected":false},"excerpt":{"rendered":"<div class=\"wp-block-button\" style=\"text-align: left;\">\n<p>D\u00e9sol\u00e9, cette formation semble d\u00e9j\u00e0 compl\u00e8te<\/p>\n<div class=\"wp-block-button\" style=\"text-align: left;\"><a class=\"wp-block-button__link wp-element-button\" href=\"https:\/\/rozoformations.fr\/index.php\/inscription-en-liste-d-attente\/\">Je m&rsquo;inscris en liste d&rsquo;attente<\/a><\/div>\n<\/div>\n","protected":false},"featured_media":667,"template":"","meta":[],"product_brand":[],"product_cat":[39],"product_tag":[],"class_list":{"0":"post-666","1":"product","2":"type-product","3":"status-publish","4":"has-post-thumbnail","6":"product_cat-formations","8":"first","9":"outofstock","10":"shipping-taxable","11":"purchasable","12":"product-type-simple"},"jetpack_sharing_enabled":true,"_links":{"self":[{"href":"https:\/\/rozoformations.fr\/index.php\/wp-json\/wp\/v2\/product\/666","targetHints":{"allow":["GET"]}}],"collection":[{"href":"https:\/\/rozoformations.fr\/index.php\/wp-json\/wp\/v2\/product"}],"about":[{"href":"https:\/\/rozoformations.fr\/index.php\/wp-json\/wp\/v2\/types\/product"}],"wp:featuredmedia":[{"embeddable":true,"href":"https:\/\/rozoformations.fr\/index.php\/wp-json\/wp\/v2\/media\/667"}],"wp:attachment":[{"href":"https:\/\/rozoformations.fr\/index.php\/wp-json\/wp\/v2\/media?parent=666"}],"wp:term":[{"taxonomy":"product_brand","embeddable":true,"href":"https:\/\/rozoformations.fr\/index.php\/wp-json\/wp\/v2\/product_brand?post=666"},{"taxonomy":"product_cat","embeddable":true,"href":"https:\/\/rozoformations.fr\/index.php\/wp-json\/wp\/v2\/product_cat?post=666"},{"taxonomy":"product_tag","embeddable":true,"href":"https:\/\/rozoformations.fr\/index.php\/wp-json\/wp\/v2\/product_tag?post=666"}],"curies":[{"name":"wp","href":"https:\/\/api.w.org\/{rel}","templated":true}]}}