{"id":263,"date":"2022-05-20T00:23:34","date_gmt":"2022-05-19T22:23:34","guid":{"rendered":"http:\/\/rozoformations.fr\/?post_type=product&#038;p=263"},"modified":"2026-01-04T11:26:15","modified_gmt":"2026-01-04T10:26:15","slug":"neurodynamique-syndromes-canalaires-et-neuropathies","status":"publish","type":"product","link":"https:\/\/rozoformations.fr\/index.php\/produit\/neurodynamique-syndromes-canalaires-et-neuropathies\/","title":{"rendered":"Les Troubles Neurologiques en MSK. 19 et 20 janvier 2026"},"content":{"rendered":"","protected":false},"excerpt":{"rendered":"<p>D\u00e9sol\u00e9, cette formation semble d\u00e9j\u00e0 compl\u00e8te<\/p>\n<div class=\"wp-block-button\" style=\"text-align: left;\"><a class=\"wp-block-button__link wp-element-button\" href=\"https:\/\/rozoformations.fr\/index.php\/inscription-en-liste-d-attente\/\">Je m&rsquo;inscris en liste d&rsquo;attente<\/a><\/div>\n","protected":false},"featured_media":612,"template":"","meta":[],"product_brand":[],"product_cat":[39],"product_tag":[],"class_list":{"0":"post-263","1":"product","2":"type-product","3":"status-publish","4":"has-post-thumbnail","6":"product_cat-formations","8":"first","9":"outofstock","10":"shipping-taxable","11":"purchasable","12":"product-type-simple"},"jetpack_sharing_enabled":true,"_links":{"self":[{"href":"https:\/\/rozoformations.fr\/index.php\/wp-json\/wp\/v2\/product\/263","targetHints":{"allow":["GET"]}}],"collection":[{"href":"https:\/\/rozoformations.fr\/index.php\/wp-json\/wp\/v2\/product"}],"about":[{"href":"https:\/\/rozoformations.fr\/index.php\/wp-json\/wp\/v2\/types\/product"}],"wp:featuredmedia":[{"embeddable":true,"href":"https:\/\/rozoformations.fr\/index.php\/wp-json\/wp\/v2\/media\/612"}],"wp:attachment":[{"href":"https:\/\/rozoformations.fr\/index.php\/wp-json\/wp\/v2\/media?parent=263"}],"wp:term":[{"taxonomy":"product_brand","embeddable":true,"href":"https:\/\/rozoformations.fr\/index.php\/wp-json\/wp\/v2\/product_brand?post=263"},{"taxonomy":"product_cat","embeddable":true,"href":"https:\/\/rozoformations.fr\/index.php\/wp-json\/wp\/v2\/product_cat?post=263"},{"taxonomy":"product_tag","embeddable":true,"href":"https:\/\/rozoformations.fr\/index.php\/wp-json\/wp\/v2\/product_tag?post=263"}],"curies":[{"name":"wp","href":"https:\/\/api.w.org\/{rel}","templated":true}]}}