{"id":350,"date":"2022-05-26T22:42:19","date_gmt":"2022-05-26T20:42:19","guid":{"rendered":"https:\/\/rozoformations.fr\/?page_id=350"},"modified":"2024-04-17T18:09:24","modified_gmt":"2024-04-17T16:09:24","slug":"faq","status":"publish","type":"page","link":"https:\/\/rozoformations.fr\/index.php\/faq\/","title":{"rendered":"FAQ"},"content":{"rendered":"\n<hr class=\"wp-block-separator has-alpha-channel-opacity\"\/>\n\n\n\n<p>Qui sommes-nous ? <\/p>\n\n\n\n<div class=\"wp-block-buttons is-content-justification-center is-layout-flex wp-container-core-buttons-is-layout-16018d1d wp-block-buttons-is-layout-flex\">\n<div class=\"wp-block-button\"><a class=\"wp-block-button__link wp-element-button\" href=\"https:\/\/rozoformations.fr\/index.php\/rozo\/\">RoZo Formations<\/a><\/div>\n<\/div>\n\n\n\n<hr class=\"wp-block-separator has-alpha-channel-opacity\"\/>\n\n\n\n<p>D\u00e9roulement de nos formations<\/p>\n\n\n\n<ul class=\"wp-block-list\">\n<li>E-Learning <\/li>\n<\/ul>\n\n\n\n<div class=\"wp-block-media-text alignwide is-stacked-on-mobile is-image-fill\" style=\"grid-template-columns:35% auto\"><figure class=\"wp-block-media-text__media\" style=\"background-image:url(https:\/\/rozoformations.fr\/wp-content\/uploads\/2022\/06\/Capture-de\u0301cran-2022-06-08-a\u0300-15.34.54-1024x683.png);background-position:50% 50%\"><img loading=\"lazy\" decoding=\"async\" width=\"1024\" height=\"683\" src=\"https:\/\/rozoformations.fr\/wp-content\/uploads\/2022\/06\/Capture-de\u0301cran-2022-06-08-a\u0300-15.34.54-1024x683.png\" alt=\"\" class=\"wp-image-452 size-full\" srcset=\"https:\/\/rozoformations.fr\/wp-content\/uploads\/2022\/06\/Capture-de\u0301cran-2022-06-08-a\u0300-15.34.54-1024x683.png 1024w, https:\/\/rozoformations.fr\/wp-content\/uploads\/2022\/06\/Capture-de\u0301cran-2022-06-08-a\u0300-15.34.54-300x200.png 300w, https:\/\/rozoformations.fr\/wp-content\/uploads\/2022\/06\/Capture-de\u0301cran-2022-06-08-a\u0300-15.34.54-768x512.png 768w, https:\/\/rozoformations.fr\/wp-content\/uploads\/2022\/06\/Capture-de\u0301cran-2022-06-08-a\u0300-15.34.54-1320x881.png 1320w, https:\/\/rozoformations.fr\/wp-content\/uploads\/2022\/06\/Capture-de\u0301cran-2022-06-08-a\u0300-15.34.54-600x400.png 600w, https:\/\/rozoformations.fr\/wp-content\/uploads\/2022\/06\/Capture-de\u0301cran-2022-06-08-a\u0300-15.34.54.png 1364w\" sizes=\"auto, (max-width: 1024px) 100vw, 1024px\" \/><\/figure><div class=\"wp-block-media-text__content\">\n<p>Certaines de nos formations s&rsquo;effectuent en e-learning. Ce e-learning peut \u00eatre un pr\u00e9-requis n\u00e9cessaire \u00e0 la formation en pr\u00e9sentiel. Il conviendra donc de l&rsquo;effectuer avant le reste de la formation. Les d\u00e9lais sont suffisamment longs pour vous permettre de le faire avec s\u00e9r\u00e9nit\u00e9 afin d&rsquo;\u00eatre pr\u00eat une fois sur place.<\/p>\n<\/div><\/div>\n\n\n\n<ul class=\"wp-block-list\">\n<li>Pr\u00e9sentiel<\/li>\n<\/ul>\n\n\n\n<div class=\"wp-block-media-text alignwide has-media-on-the-right is-stacked-on-mobile is-image-fill\" style=\"grid-template-columns:auto 40%\"><div class=\"wp-block-media-text__content\">\n<p class=\"has-large-font-size\"><\/p>\n\n\n\n<p>Nos formations se d\u00e9roulent \u00e0 Grenoble, au milieu des montagnes, dans un environnement propice \u00e0 l&rsquo;apprentissage.<\/p>\n\n\n\n<p>Les formations incluent un support de formation, le pot d&rsquo;accueil ainsi que les pauses du matin et de l&rsquo;apr\u00e8s-midi. Le repas de midi reste \u00e0 votre charge.<\/p>\n<\/div><figure class=\"wp-block-media-text__media\" style=\"background-image:url(https:\/\/rozoformations.fr\/wp-content\/uploads\/2022\/05\/Capture-decran-2022-05-15-a-14.31.54-1024x532.png);background-position:50% 50%\"><img loading=\"lazy\" decoding=\"async\" width=\"1024\" height=\"532\" src=\"https:\/\/rozoformations.fr\/wp-content\/uploads\/2022\/05\/Capture-decran-2022-05-15-a-14.31.54-1024x532.png\" alt=\"\" class=\"wp-image-153 size-full\" srcset=\"https:\/\/rozoformations.fr\/wp-content\/uploads\/2022\/05\/Capture-decran-2022-05-15-a-14.31.54-1024x532.png 1024w, https:\/\/rozoformations.fr\/wp-content\/uploads\/2022\/05\/Capture-decran-2022-05-15-a-14.31.54-600x312.png 600w, https:\/\/rozoformations.fr\/wp-content\/uploads\/2022\/05\/Capture-decran-2022-05-15-a-14.31.54-300x156.png 300w, https:\/\/rozoformations.fr\/wp-content\/uploads\/2022\/05\/Capture-decran-2022-05-15-a-14.31.54-768x399.png 768w, https:\/\/rozoformations.fr\/wp-content\/uploads\/2022\/05\/Capture-decran-2022-05-15-a-14.31.54-1536x798.png 1536w, https:\/\/rozoformations.fr\/wp-content\/uploads\/2022\/05\/Capture-decran-2022-05-15-a-14.31.54-2048x1064.png 2048w, https:\/\/rozoformations.fr\/wp-content\/uploads\/2022\/05\/Capture-decran-2022-05-15-a-14.31.54-1568x815.png 1568w, https:\/\/rozoformations.fr\/wp-content\/uploads\/2022\/05\/Capture-decran-2022-05-15-a-14.31.54-1320x686.png 1320w\" sizes=\"auto, (max-width: 1024px) 100vw, 1024px\" \/><\/figure><\/div>\n\n\n\n<hr class=\"wp-block-separator has-alpha-channel-opacity\"\/>\n\n\n\n<p>Mat\u00e9riel n\u00e9cessaire<\/p>\n\n\n\n<p>Il est possible que du mat\u00e9riel sp\u00e9cifique soit n\u00e9cessaire au bon d\u00e9roul\u00e9 de la formation. Une liste vous sera donn\u00e9e au pr\u00e9alable, si cela est justifi\u00e9. <\/p>\n\n\n\n<hr class=\"wp-block-separator has-alpha-channel-opacity\"\/>\n\n\n\n<p>Accessibilit\u00e9<\/p>\n\n\n\n<p>Les locaux choisis par RoZo Formations pour le d\u00e9roul\u00e9 des formations sont accessibles PMR et adapt\u00e9s. Si vous \u00eates en situation de handicap, quel qu&rsquo;il soit et que vous souhaitez int\u00e9grer nos formations, n&rsquo;h\u00e9sitez pas \u00e0 nous contacter afin que nous puissions r\u00e9pondre \u00e0 vos questions.<\/p>\n\n\n\n<hr class=\"wp-block-separator has-alpha-channel-opacity\"\/>\n\n\n\n<p>Prises en charge<\/p>\n\n\n\n<p>Notre organisme est certifi\u00e9 Qualiopi, nos formations sont en partie prises en charge par le FIF-PL. Nous somme \u00e9galement certifi\u00e9 Ogdpc, ce qui permet selon les formations, une prise en charge au titre de la formation continue.<\/p>\n\n\n\n<p><a href=\"https:\/\/rozoformations.fr\/index.php\/certification-qualiopi\/\">certificat Qualiopi <\/a><\/p>\n\n\n\n<div class=\"wp-block-columns is-layout-flex wp-container-core-columns-is-layout-9d6595d7 wp-block-columns-is-layout-flex\">\n<div class=\"wp-block-column is-layout-flow wp-block-column-is-layout-flow\"><div class=\"wp-block-image\">\n<figure class=\"aligncenter size-large\"><img loading=\"lazy\" decoding=\"async\" width=\"1024\" height=\"619\" src=\"https:\/\/rozoformations.fr\/wp-content\/uploads\/2024\/03\/AF-1024x619.png\" alt=\"\" class=\"wp-image-1004\" srcset=\"https:\/\/rozoformations.fr\/wp-content\/uploads\/2024\/03\/AF-1024x619.png 1024w, https:\/\/rozoformations.fr\/wp-content\/uploads\/2024\/03\/AF-300x181.png 300w, https:\/\/rozoformations.fr\/wp-content\/uploads\/2024\/03\/AF-768x464.png 768w, https:\/\/rozoformations.fr\/wp-content\/uploads\/2024\/03\/AF-1536x929.png 1536w, https:\/\/rozoformations.fr\/wp-content\/uploads\/2024\/03\/AF-600x363.png 600w, https:\/\/rozoformations.fr\/wp-content\/uploads\/2024\/03\/AF.png 1755w\" sizes=\"auto, (max-width: 1024px) 100vw, 1024px\" \/><\/figure>\n<\/div><\/div>\n\n\n\n<div class=\"wp-block-column is-layout-flow wp-block-column-is-layout-flow\"><div class=\"wp-block-image\">\n<figure class=\"aligncenter size-full is-resized\"><img loading=\"lazy\" decoding=\"async\" width=\"230\" height=\"186\" src=\"https:\/\/rozoformations.fr\/wp-content\/uploads\/2024\/04\/image001.jpg\" alt=\"\" class=\"wp-image-1009\" style=\"width:127px;height:auto\"\/><\/figure>\n<\/div><\/div>\n\n\n\n<div class=\"wp-block-column is-layout-flow wp-block-column-is-layout-flow\"><div class=\"wp-block-image\">\n<figure class=\"aligncenter size-full is-resized\"><img loading=\"lazy\" decoding=\"async\" width=\"970\" height=\"582\" src=\"https:\/\/rozoformations.fr\/wp-content\/uploads\/2023\/06\/Capture-decran-2023-05-01-a-17.13.57.png\" alt=\"\" class=\"wp-image-890\" style=\"width:149px;height:auto\" srcset=\"https:\/\/rozoformations.fr\/wp-content\/uploads\/2023\/06\/Capture-decran-2023-05-01-a-17.13.57.png 970w, https:\/\/rozoformations.fr\/wp-content\/uploads\/2023\/06\/Capture-decran-2023-05-01-a-17.13.57-300x180.png 300w, https:\/\/rozoformations.fr\/wp-content\/uploads\/2023\/06\/Capture-decran-2023-05-01-a-17.13.57-768x461.png 768w, https:\/\/rozoformations.fr\/wp-content\/uploads\/2023\/06\/Capture-decran-2023-05-01-a-17.13.57-600x360.png 600w\" sizes=\"auto, (max-width: 970px) 100vw, 970px\" \/><\/figure>\n<\/div><\/div>\n<\/div>\n","protected":false},"excerpt":{"rendered":"<p>Qui sommes-nous ? D\u00e9roulement de nos formations Certaines de nos formations s&rsquo;effectuent en e-learning. Ce e-learning peut \u00eatre un pr\u00e9-requis n\u00e9cessaire \u00e0 la formation en pr\u00e9sentiel. Il conviendra donc de l&rsquo;effectuer avant le reste de la formation. Les d\u00e9lais sont suffisamment longs pour vous permettre de le faire avec s\u00e9r\u00e9nit\u00e9 afin d&rsquo;\u00eatre pr\u00eat une fois &hellip;<\/p>\n","protected":false},"author":2,"featured_media":0,"parent":0,"menu_order":0,"comment_status":"closed","ping_status":"closed","template":"page-templates\/page-builder-with-container.php","meta":{"footnotes":""},"class_list":["post-350","page","type-page","status-publish","hentry"],"jetpack_sharing_enabled":true,"_links":{"self":[{"href":"https:\/\/rozoformations.fr\/index.php\/wp-json\/wp\/v2\/pages\/350","targetHints":{"allow":["GET"]}}],"collection":[{"href":"https:\/\/rozoformations.fr\/index.php\/wp-json\/wp\/v2\/pages"}],"about":[{"href":"https:\/\/rozoformations.fr\/index.php\/wp-json\/wp\/v2\/types\/page"}],"author":[{"embeddable":true,"href":"https:\/\/rozoformations.fr\/index.php\/wp-json\/wp\/v2\/users\/2"}],"replies":[{"embeddable":true,"href":"https:\/\/rozoformations.fr\/index.php\/wp-json\/wp\/v2\/comments?post=350"}],"version-history":[{"count":13,"href":"https:\/\/rozoformations.fr\/index.php\/wp-json\/wp\/v2\/pages\/350\/revisions"}],"predecessor-version":[{"id":1011,"href":"https:\/\/rozoformations.fr\/index.php\/wp-json\/wp\/v2\/pages\/350\/revisions\/1011"}],"wp:attachment":[{"href":"https:\/\/rozoformations.fr\/index.php\/wp-json\/wp\/v2\/media?parent=350"}],"curies":[{"name":"wp","href":"https:\/\/api.w.org\/{rel}","templated":true}]}}