{"id":30,"date":"2022-04-29T11:39:08","date_gmt":"2022-04-29T09:39:08","guid":{"rendered":"https:\/\/rozoformations.fr\/index.php\/our-club\/"},"modified":"2024-05-03T13:13:56","modified_gmt":"2024-05-03T11:13:56","slug":"rozo","status":"publish","type":"page","link":"https:\/\/rozoformations.fr\/index.php\/rozo\/","title":{"rendered":"RoZo Formations"},"content":{"rendered":"\n<p><style>\/*! elementor - v3.6.5 - 27-04-2022 *\/<br \/>\n.elementor-heading-title{padding:0;margin:0;line-height:1}.elementor-widget-heading .elementor-heading-title[class*=elementor-size-]>a{color:inherit;font-size:inherit;line-height:inherit}.elementor-widget-heading .elementor-heading-title.elementor-size-small{font-size:15px}.elementor-widget-heading .elementor-heading-title.elementor-size-medium{font-size:19px}.elementor-widget-heading .elementor-heading-title.elementor-size-large{font-size:29px}.elementor-widget-heading .elementor-heading-title.elementor-size-xl{font-size:39px}.elementor-widget-heading .elementor-heading-title.elementor-size-xxl{font-size:59px}<\/style><\/p>\n\n\n\n<h1 class=\"wp-block-heading\">Notre organisme<\/h1>\n\n\n\n<div class=\"wp-block-media-text alignwide is-stacked-on-mobile is-image-fill\" style=\"grid-template-columns:27% auto\"><figure class=\"wp-block-media-text__media\" style=\"background-image:url(https:\/\/rozoformations.fr\/wp-content\/uploads\/2022\/06\/IMG_20220609_192919_Bokeh__01-768x1024.jpg);background-position:44% 26%\"><img loading=\"lazy\" decoding=\"async\" width=\"768\" height=\"1024\" src=\"https:\/\/rozoformations.fr\/wp-content\/uploads\/2022\/06\/IMG_20220609_192919_Bokeh__01-768x1024.jpg\" alt=\"\" class=\"wp-image-490 size-full\" srcset=\"https:\/\/rozoformations.fr\/wp-content\/uploads\/2022\/06\/IMG_20220609_192919_Bokeh__01-768x1024.jpg 768w, https:\/\/rozoformations.fr\/wp-content\/uploads\/2022\/06\/IMG_20220609_192919_Bokeh__01-225x300.jpg 225w, https:\/\/rozoformations.fr\/wp-content\/uploads\/2022\/06\/IMG_20220609_192919_Bokeh__01-1152x1536.jpg 1152w, https:\/\/rozoformations.fr\/wp-content\/uploads\/2022\/06\/IMG_20220609_192919_Bokeh__01-1536x2048.jpg 1536w, https:\/\/rozoformations.fr\/wp-content\/uploads\/2022\/06\/IMG_20220609_192919_Bokeh__01-1320x1760.jpg 1320w, https:\/\/rozoformations.fr\/wp-content\/uploads\/2022\/06\/IMG_20220609_192919_Bokeh__01-600x800.jpg 600w, https:\/\/rozoformations.fr\/wp-content\/uploads\/2022\/06\/IMG_20220609_192919_Bokeh__01-scaled.jpg 1920w\" sizes=\"auto, (max-width: 768px) 100vw, 768px\" \/><\/figure><div class=\"wp-block-media-text__content\">\n<p>RoZo Formations a \u00e9t\u00e9 cr\u00e9\u00e9 dans le but de proposer des formations aux soignants de la r\u00e9gion grenobloise et alentours.<\/p>\n\n\n\n<p>Fondatrice de RoZo Formations, <a href=\"https:\/\/rozoformations.fr\/wp-content\/uploads\/2024\/05\/THOUVENINJulie_CV.pdf\" data-type=\"link\" data-id=\"https:\/\/rozoformations.fr\/wp-content\/uploads\/2024\/05\/THOUVENINJulie_CV.pdf\">Julie Thouvenin<\/a> est kin\u00e9sith\u00e9rapeute depuis 2004. Elle enseigne \u00e0 l&rsquo;\u00e9cole de kin\u00e9 de Grenoble depuis 2010. Sp\u00e9cialis\u00e9e dans la r\u00e9\u00e9ducation de la main et du membre sup\u00e9rieur, elle exerce \u00e0 Grenoble en lib\u00e9ral.<\/p>\n\n\n\n<p>Adepte de la formation continue \u00e0 titre personnel, c&rsquo;est pour en faire profiter ses consoeurs et confr\u00e8res que RoZo Formations a vu le jour.<\/p>\n\n\n\n<p>Actuellement en cursus de Master2 en recherche clinique, \u00e9ducation en sant\u00e9 et p\u00e9dagogie de la sant\u00e9 \u00e0 l&rsquo;Universit\u00e9 Grenoble Alpes<\/p>\n<\/div><\/div>\n\n\n\n<p><style>\/*! elementor - v3.6.5 - 27-04-2022 *\/&lt;br \/> .elementor-widget-image{text-align:center}.elementor-widget-image a{display:inline-block}.elementor-widget-image a img[src$=\".svg\"]{width:48px}.elementor-widget-image img{vertical-align:middle;display:inline-block}<\/style><\/p>\n\n\n\n<p><a href=\"https:\/\/rozoformations.fr\/index.php\/contact\/\" data-type=\"link\" data-id=\"https:\/\/rozoformations.fr\/index.php\/contact\/\">NOUS CONTACTER<\/a><br>BESOIN DE VOUS FORMER ?<a href=\"https:\/\/rozoformations.fr\/index.php\/inscription\/\"><br>JE M&rsquo;INSCRIS<br><\/a><\/p>\n","protected":false},"excerpt":{"rendered":"<p>Notre organisme RoZo Formations a \u00e9t\u00e9 cr\u00e9\u00e9 dans le but de proposer des formations aux soignants de la r\u00e9gion grenobloise et alentours. Fondatrice de RoZo Formations, Julie Thouvenin est kin\u00e9sith\u00e9rapeute depuis 2004. Elle enseigne \u00e0 l&rsquo;\u00e9cole de kin\u00e9 de Grenoble depuis 2010. Sp\u00e9cialis\u00e9e dans la r\u00e9\u00e9ducation de la main et du membre sup\u00e9rieur, elle exerce &hellip;<\/p>\n","protected":false},"author":1,"featured_media":0,"parent":0,"menu_order":0,"comment_status":"closed","ping_status":"closed","template":"page-templates\/page-builder-with-container.php","meta":{"footnotes":""},"class_list":["post-30","page","type-page","status-publish","hentry"],"jetpack_sharing_enabled":true,"_links":{"self":[{"href":"https:\/\/rozoformations.fr\/index.php\/wp-json\/wp\/v2\/pages\/30","targetHints":{"allow":["GET"]}}],"collection":[{"href":"https:\/\/rozoformations.fr\/index.php\/wp-json\/wp\/v2\/pages"}],"about":[{"href":"https:\/\/rozoformations.fr\/index.php\/wp-json\/wp\/v2\/types\/page"}],"author":[{"embeddable":true,"href":"https:\/\/rozoformations.fr\/index.php\/wp-json\/wp\/v2\/users\/1"}],"replies":[{"embeddable":true,"href":"https:\/\/rozoformations.fr\/index.php\/wp-json\/wp\/v2\/comments?post=30"}],"version-history":[{"count":45,"href":"https:\/\/rozoformations.fr\/index.php\/wp-json\/wp\/v2\/pages\/30\/revisions"}],"predecessor-version":[{"id":1069,"href":"https:\/\/rozoformations.fr\/index.php\/wp-json\/wp\/v2\/pages\/30\/revisions\/1069"}],"wp:attachment":[{"href":"https:\/\/rozoformations.fr\/index.php\/wp-json\/wp\/v2\/media?parent=30"}],"curies":[{"name":"wp","href":"https:\/\/api.w.org\/{rel}","templated":true}]}}