{"id":266,"date":"2022-05-20T00:37:32","date_gmt":"2022-05-19T22:37:32","guid":{"rendered":"http:\/\/rozoformations.fr\/?page_id=266"},"modified":"2025-05-11T17:55:06","modified_gmt":"2025-05-11T15:55:06","slug":"formateurs","status":"publish","type":"page","link":"https:\/\/rozoformations.fr\/index.php\/formateurs\/","title":{"rendered":"Formateurs"},"content":{"rendered":"\n<hr class=\"wp-block-separator has-alpha-channel-opacity\"\/>\n\n\n\n<div class=\"wp-block-media-text alignwide has-media-on-the-right is-stacked-on-mobile is-vertically-aligned-top\" style=\"grid-template-columns:auto 28%\" id=\"FormateurBryanLittre\"><div class=\"wp-block-media-text__content\">\n<p><strong>Jean Lichtle<\/strong> est kin\u00e9sith\u00e9rapeute dipl\u00f4m\u00e9 d\u2019\u00c9tat, sp\u00e9cialis\u00e9 dans la r\u00e9\u00e9ducation de la main et du membre sup\u00e9rieur. Il exerce en tant qu\u2019enseignant dans plusieurs instituts de formation en kin\u00e9sith\u00e9rapie en France, notamment \u00e0 Paris, Nevers et Villejuif. Formateur en formation continue, il intervient aupr\u00e8s de professionnels sur des th\u00e9matiques telles que le raisonnement clinique et l\u2019appareillage de la main. Il est \u00e9galement conf\u00e9rencier r\u00e9gulier au congr\u00e8s de la SFRM GEMMSOR, soci\u00e9t\u00e9 scientifique dont il est membre affili\u00e9. Sa pratique clinique se concentre sur les pathologies complexes de la main, de l\u2019\u00e9paule et du coude, chez l\u2019enfant comme chez l\u2019adulte. Il a compl\u00e9t\u00e9 sa formation initiale par de nombreuses sp\u00e9cialisations, notamment en neurodynamique, douleurs neuropathiques et th\u00e9rapie de la main. Il est titulaire du DIU en \u00ab\u00a0R\u00e9\u00e9ducation et appareillage en chirurgie de la main\u00a0\u00bb. Jean combine rigueur scientifique, expertise clinique et p\u00e9dagogie dans toutes ses interventions. Il partage aussi ses r\u00e9flexions sur les r\u00e9seaux sociaux sous le pseudonyme <strong>@jean.traine.la.main<\/strong>.<\/p>\n\n\n\n<p><a href=\"https:\/\/rozoformations.fr\/index.php\/cv-jean-lichtle\/\" data-type=\"page\" data-id=\"1180\">Son CV<\/a><\/p>\n<\/div><figure class=\"wp-block-media-text__media\"><img loading=\"lazy\" decoding=\"async\" width=\"978\" height=\"986\" src=\"https:\/\/rozoformations.fr\/wp-content\/uploads\/2025\/04\/Capture-decran-2025-04-30-a-12.40.45.png\" alt=\"\" class=\"wp-image-1184 size-full\" srcset=\"https:\/\/rozoformations.fr\/wp-content\/uploads\/2025\/04\/Capture-decran-2025-04-30-a-12.40.45.png 978w, https:\/\/rozoformations.fr\/wp-content\/uploads\/2025\/04\/Capture-decran-2025-04-30-a-12.40.45-298x300.png 298w, https:\/\/rozoformations.fr\/wp-content\/uploads\/2025\/04\/Capture-decran-2025-04-30-a-12.40.45-150x150.png 150w, https:\/\/rozoformations.fr\/wp-content\/uploads\/2025\/04\/Capture-decran-2025-04-30-a-12.40.45-768x774.png 768w, https:\/\/rozoformations.fr\/wp-content\/uploads\/2025\/04\/Capture-decran-2025-04-30-a-12.40.45-600x605.png 600w, https:\/\/rozoformations.fr\/wp-content\/uploads\/2025\/04\/Capture-decran-2025-04-30-a-12.40.45-100x100.png 100w\" sizes=\"auto, (max-width: 978px) 100vw, 978px\" \/><\/figure><\/div>\n\n\n\n<div class=\"wp-block-columns alignwide is-layout-flex wp-container-core-columns-is-layout-9d6595d7 wp-block-columns-is-layout-flex\">\n<div class=\"wp-block-column is-layout-flow wp-block-column-is-layout-flow\" style=\"flex-basis:21%\">\n<figure class=\"wp-block-image is-resized\"><img loading=\"lazy\" decoding=\"async\" width=\"418\" height=\"558\" src=\"https:\/\/rozoformations.fr\/wp-content\/uploads\/2025\/04\/Capture-decran-2025-04-13-a-13.56.43-1.png\" alt=\"\" class=\"wp-image-1173\" style=\"width:190px;height:auto\" srcset=\"https:\/\/rozoformations.fr\/wp-content\/uploads\/2025\/04\/Capture-decran-2025-04-13-a-13.56.43-1.png 418w, https:\/\/rozoformations.fr\/wp-content\/uploads\/2025\/04\/Capture-decran-2025-04-13-a-13.56.43-1-225x300.png 225w\" sizes=\"auto, (max-width: 418px) 100vw, 418px\" \/><\/figure>\n<\/div>\n\n\n\n<div class=\"wp-block-column is-layout-flow wp-block-column-is-layout-flow\" style=\"flex-basis:79%\">\n<p><strong>Alexandra Perret<\/strong>, kin\u00e9sith\u00e9rapeute sp\u00e9cialis\u00e9e dans le membre sup\u00e9rieur et la prise en charge de la douleur, elle exerce depuis plus de 15 ans avec une expertise reconnue en r\u00e9\u00e9ducation de la main. Form\u00e9e \u00e0 Grenoble, elle enrichit sans cesse ses comp\u00e9tences par des formations pointues en neurosciences, orth\u00e8ses, et douleur chronique. Fondatrice du Centre \u00c9paule Main \u00e0 Voiron, elle y conjugue pratique clinique et innovation th\u00e9rapeutique. Dipl\u00f4m\u00e9e de plusieurs instituts de r\u00e9f\u00e9rence, elle est \u00e9galement formatrice passionn\u00e9e, transmettant ses connaissances en France et \u00e0 l\u2019\u00e9tranger. Son approche humaine et scientifique fait d\u2019elle une r\u00e9f\u00e9rence dans son domaine.<\/p>\n\n\n\n<p><a href=\"https:\/\/rozoformations.fr\/wp-content\/uploads\/2025\/05\/CV-Kine-2025.pdf\">Son CV<\/a><\/p>\n\n\n\n<p><\/p>\n<\/div>\n<\/div>\n\n\n\n<div class=\"wp-block-media-text alignwide has-media-on-the-right is-stacked-on-mobile is-vertically-aligned-top\" style=\"grid-template-columns:auto 19%\" id=\"FormateurBryanLittre\"><div class=\"wp-block-media-text__content\">\n<p><strong>Marie Bacelon<\/strong>, est kin\u00e9sith\u00e9rapeute depuis plus de 10 ans. Elle a d\u2019abord \u00e9t\u00e9 ing\u00e9nieure avant de se r\u00e9orienter pour se rapprocher de l\u2019humain. Passionn\u00e9e par la douleur, elle affine ses approches avec rigueur et cr\u00e9ativit\u00e9. En 2012, elle d\u00e9couvre l\u2019approche du Neuro Orthopaedic Institute (NOI), qui transforme sa pratique. Elle en devient traductrice, co-pr\u00e9sentatrice, puis instructrice francophone accr\u00e9dit\u00e9e depuis 2019 pour la formation <em>Explain Pain<\/em>. Son enseignement m\u00eale m\u00e9taphores accessibles, r\u00e9flexion critique et \u00e9motions fortes. Elle interpelle autant qu\u2019elle inspire, dans une d\u00e9marche interactive et collaborative. Dynamique, ancr\u00e9e dans l\u2019exp\u00e9rience et la p\u00e9dagogie, Marie transmet avec passion les outils pour mieux comprendre et traiter la douleur.<\/p>\n\n\n\n<p><a href=\"https:\/\/rozoformations.fr\/wp-content\/uploads\/2024\/04\/cv-Marie-Bacelon-MAJ-mars23.pdf\" data-type=\"link\" data-id=\"https:\/\/rozoformations.fr\/wp-content\/uploads\/2024\/04\/cv-Marie-Bacelon-MAJ-mars23.pdf\">Son CV<\/a><\/p>\n<\/div><figure class=\"wp-block-media-text__media\"><img loading=\"lazy\" decoding=\"async\" width=\"674\" height=\"934\" src=\"https:\/\/rozoformations.fr\/wp-content\/uploads\/2023\/02\/Capture-decran-2023-02-03-a-11.07.33.png\" alt=\"\" class=\"wp-image-765 size-full\" srcset=\"https:\/\/rozoformations.fr\/wp-content\/uploads\/2023\/02\/Capture-decran-2023-02-03-a-11.07.33.png 674w, https:\/\/rozoformations.fr\/wp-content\/uploads\/2023\/02\/Capture-decran-2023-02-03-a-11.07.33-216x300.png 216w, https:\/\/rozoformations.fr\/wp-content\/uploads\/2023\/02\/Capture-decran-2023-02-03-a-11.07.33-600x831.png 600w\" sizes=\"auto, (max-width: 674px) 100vw, 674px\" \/><\/figure><\/div>\n\n\n\n<div class=\"wp-block-media-text alignwide is-stacked-on-mobile is-image-fill-element\" style=\"grid-template-columns:21% auto\" id=\"FormateurBryanLittre\"><figure class=\"wp-block-media-text__media\"><img loading=\"lazy\" decoding=\"async\" width=\"1024\" height=\"769\" src=\"https:\/\/rozoformations.fr\/wp-content\/uploads\/2022\/05\/Capture-decran-2022-05-06-a-15.15.38-1024x769.png\" alt=\"\" class=\"wp-image-90 size-full\" style=\"object-position:44% 0%\" srcset=\"https:\/\/rozoformations.fr\/wp-content\/uploads\/2022\/05\/Capture-decran-2022-05-06-a-15.15.38-1024x769.png 1024w, https:\/\/rozoformations.fr\/wp-content\/uploads\/2022\/05\/Capture-decran-2022-05-06-a-15.15.38-600x450.png 600w, https:\/\/rozoformations.fr\/wp-content\/uploads\/2022\/05\/Capture-decran-2022-05-06-a-15.15.38-300x225.png 300w, https:\/\/rozoformations.fr\/wp-content\/uploads\/2022\/05\/Capture-decran-2022-05-06-a-15.15.38-768x576.png 768w, https:\/\/rozoformations.fr\/wp-content\/uploads\/2022\/05\/Capture-decran-2022-05-06-a-15.15.38-1536x1153.png 1536w, https:\/\/rozoformations.fr\/wp-content\/uploads\/2022\/05\/Capture-decran-2022-05-06-a-15.15.38-1320x991.png 1320w, https:\/\/rozoformations.fr\/wp-content\/uploads\/2022\/05\/Capture-decran-2022-05-06-a-15.15.38.png 1540w\" sizes=\"auto, (max-width: 1024px) 100vw, 1024px\" \/><\/figure><div class=\"wp-block-media-text__content\">\n<p><strong>Bryan Littr\u00e9<\/strong>&nbsp;est kin\u00e9sith\u00e9rapeute en lib\u00e9ral. Il est passionn\u00e9 par le raisonnement clinique et les douleurs neuropathiques.<\/p>\n\n\n\n<p class=\"has-regular-font-size\">Il publie r\u00e9guli\u00e8rement pour kin\u00e9fact.com, a fait une revue syst\u00e9matique publi\u00e9e dans Kin\u00e9 La Revue \u00ab\u00a0neurodynamique et neuropathies compressives du membre sup\u00e9rieur\u00a0\u00bb, et a \u00e9galement r\u00e9alis\u00e9 un e-book sur les douleurs neuropathiques pour kobusapp, ( <a href=\"https:\/\/kobusapp.com\/blog\/neuropathie-ebook\/\">https:\/\/kobusapp.com\/blog\/neuropathie-ebook\/<\/a> ) \u00c9galement formateur en IFMK et conf\u00e9rencier, c\u2019est avec enthousiasme qu\u2019il communique sa passion. Si vous ne le connaissez pas encore, c&rsquo;est l&rsquo;occasion de le rencontrer !<\/p>\n\n\n\n<p><a href=\"https:\/\/rozoformations.fr\/index.php\/cv-de-bryan-littre\/\">Son CV<\/a><\/p>\n<\/div><\/div>\n\n\n\n<hr class=\"wp-block-separator has-alpha-channel-opacity\"\/>\n","protected":false},"excerpt":{"rendered":"<p>Jean Lichtle est kin\u00e9sith\u00e9rapeute dipl\u00f4m\u00e9 d\u2019\u00c9tat, sp\u00e9cialis\u00e9 dans la r\u00e9\u00e9ducation de la main et du membre sup\u00e9rieur. Il exerce en tant qu\u2019enseignant dans plusieurs instituts de formation en kin\u00e9sith\u00e9rapie en France, notamment \u00e0 Paris, Nevers et Villejuif. Formateur en formation continue, il intervient aupr\u00e8s de professionnels sur des th\u00e9matiques telles que le raisonnement clinique et &hellip;<\/p>\n","protected":false},"author":1,"featured_media":0,"parent":0,"menu_order":0,"comment_status":"closed","ping_status":"closed","template":"page-templates\/page-builder-with-container.php","meta":{"footnotes":""},"class_list":["post-266","page","type-page","status-publish","hentry"],"jetpack_sharing_enabled":true,"_links":{"self":[{"href":"https:\/\/rozoformations.fr\/index.php\/wp-json\/wp\/v2\/pages\/266","targetHints":{"allow":["GET"]}}],"collection":[{"href":"https:\/\/rozoformations.fr\/index.php\/wp-json\/wp\/v2\/pages"}],"about":[{"href":"https:\/\/rozoformations.fr\/index.php\/wp-json\/wp\/v2\/types\/page"}],"author":[{"embeddable":true,"href":"https:\/\/rozoformations.fr\/index.php\/wp-json\/wp\/v2\/users\/1"}],"replies":[{"embeddable":true,"href":"https:\/\/rozoformations.fr\/index.php\/wp-json\/wp\/v2\/comments?post=266"}],"version-history":[{"count":29,"href":"https:\/\/rozoformations.fr\/index.php\/wp-json\/wp\/v2\/pages\/266\/revisions"}],"predecessor-version":[{"id":1272,"href":"https:\/\/rozoformations.fr\/index.php\/wp-json\/wp\/v2\/pages\/266\/revisions\/1272"}],"wp:attachment":[{"href":"https:\/\/rozoformations.fr\/index.php\/wp-json\/wp\/v2\/media?parent=266"}],"curies":[{"name":"wp","href":"https:\/\/api.w.org\/{rel}","templated":true}]}}